{"id":1755,"date":"2024-02-12T05:35:23","date_gmt":"2024-02-12T05:35:23","guid":{"rendered":"http:\/\/digiltek.com\/?post_type=product&#038;p=1755"},"modified":"2025-02-04T04:29:18","modified_gmt":"2025-02-04T04:29:18","slug":"pagina-web-profesional","status":"publish","type":"product","link":"https:\/\/digiltek.com\/en\/product\/pagina-web-profesional\/","title":{"rendered":"P\u00e1gina Web &#8211; Profesional"},"content":{"rendered":"<p>Presentamos nuestro Paquete de Web Profesional, una soluci\u00f3n completa para destacar en l\u00ednea. Garantizamos un dise\u00f1o atractivo y funcional, seguridad con adaptabilidad m\u00f3vil, integraci\u00f3n de redes sociales y WhatsApp, correos corporativos personalizados y capacidad total de administraci\u00f3n. Potenciado por herramientas como Google Analytics y Google My Business, este paquete ofrece una presencia digital s\u00f3lida y efectiva.<\/p>\n<p>Esta p\u00e1gina web incluye:<\/p>\n<p>&#8211; Hosting por un a\u00f1o<br \/>\n&#8211; Dominio.com por un a\u00f1o<br \/>\n&#8211; 8 meses de soporte<br \/>\n&#8211; Hasta 10 pesta\u00f1as<br \/>\n&#8211; Galer\u00eda de im\u00e1genes<br \/>\n&#8211; Formulario de contacto<br \/>\n&#8211; Integraci\u00f3n a Whatsapp<br \/>\n&#8211; Certificado de seguridad SSL<br \/>\n&#8211; Enlace a tus redes sociales<br \/>\n&#8211; Adaptable a dispositivos moviles<br \/>\n&#8211; Correos Corporativos<br \/>\n&#8211; 100% Administrable<br \/>\n&#8211; Mapa de sitio<br \/>\n&#8211; Google Analytics<br \/>\n&#8211; Google My Business<br \/>\n&#8211; WhatsApp Business<br \/>\n&#8211; SEO B\u00e1sico<\/p>","protected":false},"excerpt":{"rendered":"<p>Presentamos nuestro Paquete de Web Profesional, una soluci\u00f3n completa para destacar en l\u00ednea. Garantizamos un dise\u00f1o atractivo y funcional, seguridad con adaptabilidad m\u00f3vil, integraci\u00f3n de redes sociales y WhatsApp, correos corporativos personalizados y capacidad total de administraci\u00f3n. Potenciado por herramientas como Google Analytics y Google My Business, este paquete ofrece una presencia digital s\u00f3lida y efectiva.<\/p>","protected":false},"featured_media":1758,"comment_status":"open","ping_status":"closed","template":"","meta":[],"product_cat":[32],"product_tag":[],"_links":{"self":[{"href":"https:\/\/digiltek.com\/en\/wp-json\/wp\/v2\/product\/1755"}],"collection":[{"href":"https:\/\/digiltek.com\/en\/wp-json\/wp\/v2\/product"}],"about":[{"href":"https:\/\/digiltek.com\/en\/wp-json\/wp\/v2\/types\/product"}],"replies":[{"embeddable":true,"href":"https:\/\/digiltek.com\/en\/wp-json\/wp\/v2\/comments?post=1755"}],"version-history":[{"count":3,"href":"https:\/\/digiltek.com\/en\/wp-json\/wp\/v2\/product\/1755\/revisions"}],"predecessor-version":[{"id":1759,"href":"https:\/\/digiltek.com\/en\/wp-json\/wp\/v2\/product\/1755\/revisions\/1759"}],"wp:featuredmedia":[{"embeddable":true,"href":"https:\/\/digiltek.com\/en\/wp-json\/wp\/v2\/media\/1758"}],"wp:attachment":[{"href":"https:\/\/digiltek.com\/en\/wp-json\/wp\/v2\/media?parent=1755"}],"wp:term":[{"taxonomy":"product_cat","embeddable":true,"href":"https:\/\/digiltek.com\/en\/wp-json\/wp\/v2\/product_cat?post=1755"},{"taxonomy":"product_tag","embeddable":true,"href":"https:\/\/digiltek.com\/en\/wp-json\/wp\/v2\/product_tag?post=1755"}],"curies":[{"name":"wp","href":"https:\/\/api.w.org\/{rel}","templated":true}]}}