{"id":1521,"date":"2023-12-31T17:19:38","date_gmt":"2023-12-31T17:19:38","guid":{"rendered":"http:\/\/digiltek.com\/?post_type=product&#038;p=1521"},"modified":"2024-07-09T14:17:34","modified_gmt":"2024-07-09T14:17:34","slug":"pagina-web-informativa","status":"publish","type":"product","link":"https:\/\/digiltek.com\/en\/product\/pagina-web-informativa\/","title":{"rendered":"P\u00e1gina Web &#8211; Informativa"},"content":{"rendered":"<p>\u00a1El paquete ideal para dar tus primeros pasos online! Con dominio, hosting, soporte, secciones personalizadas, galer\u00eda, contacto directo v\u00eda WhatsApp, seguridad y dise\u00f1o adaptable, es la opci\u00f3n perfecta para iniciar tu presencia en la web con \u00e9xito y estilo.<\/p>\n<p>&#8211; Hosting por un a\u00f1o<br \/>\n&#8211; Dominio.com por un a\u00f1o<br \/>\n&#8211; 6 meses de soporte<br \/>\n&#8211; Hasta 6 pesta\u00f1as<br \/>\n&#8211; Galer\u00eda de im\u00e1genes<br \/>\n&#8211; Formulario de contacto<br \/>\n&#8211; Integraci\u00f3n a Whatsapp<br \/>\n&#8211; Certificado de seguridad SSL<br \/>\n&#8211; Enlace a tus redes sociales<br \/>\n&#8211; Adaptable a dispositivos moviles<\/p>","protected":false},"excerpt":{"rendered":"<p>Una web completa: dominio .com, soporte 6 meses, 6 secciones, galer\u00eda, contacto directo por WhatsApp, seguridad SSL, redes sociales integradas y dise\u00f1o m\u00f3vil adaptable. \u00a1Todo lo que necesitas para brillar online en un solo paquete!<\/p>","protected":false},"featured_media":1523,"comment_status":"open","ping_status":"closed","template":"","meta":[],"product_cat":[32],"product_tag":[],"_links":{"self":[{"href":"https:\/\/digiltek.com\/en\/wp-json\/wp\/v2\/product\/1521"}],"collection":[{"href":"https:\/\/digiltek.com\/en\/wp-json\/wp\/v2\/product"}],"about":[{"href":"https:\/\/digiltek.com\/en\/wp-json\/wp\/v2\/types\/product"}],"replies":[{"embeddable":true,"href":"https:\/\/digiltek.com\/en\/wp-json\/wp\/v2\/comments?post=1521"}],"version-history":[{"count":1,"href":"https:\/\/digiltek.com\/en\/wp-json\/wp\/v2\/product\/1521\/revisions"}],"predecessor-version":[{"id":1552,"href":"https:\/\/digiltek.com\/en\/wp-json\/wp\/v2\/product\/1521\/revisions\/1552"}],"wp:featuredmedia":[{"embeddable":true,"href":"https:\/\/digiltek.com\/en\/wp-json\/wp\/v2\/media\/1523"}],"wp:attachment":[{"href":"https:\/\/digiltek.com\/en\/wp-json\/wp\/v2\/media?parent=1521"}],"wp:term":[{"taxonomy":"product_cat","embeddable":true,"href":"https:\/\/digiltek.com\/en\/wp-json\/wp\/v2\/product_cat?post=1521"},{"taxonomy":"product_tag","embeddable":true,"href":"https:\/\/digiltek.com\/en\/wp-json\/wp\/v2\/product_tag?post=1521"}],"curies":[{"name":"wp","href":"https:\/\/api.w.org\/{rel}","templated":true}]}}