{"id":1164,"date":"2023-12-12T05:14:04","date_gmt":"2023-12-12T05:14:04","guid":{"rendered":"http:\/\/digiltek.com\/?post_type=product&#038;p=1164"},"modified":"2024-07-09T03:36:16","modified_gmt":"2024-07-09T03:36:16","slug":"pagina-web-standard","status":"publish","type":"product","link":"https:\/\/digiltek.com\/en\/product\/pagina-web-standard\/","title":{"rendered":"P\u00e1gina Web &#8211; Standard"},"content":{"rendered":"<p>Potencia tu presencia digital al m\u00e1ximo. Con nuestro paquete premium, tu web ser\u00e1 m\u00e1s que un sitio: ser\u00e1 la experiencia definitiva que tu audiencia amar\u00e1 y convertir\u00e1 en clientes fieles.<br \/>\nEsta p\u00e1gina web incluye:<\/p>\n<p>&#8211; Hosting por un a\u00f1o<br \/>\n&#8211; Dominio.com por un a\u00f1o<br \/>\n&#8211; 8 meses de soporte<br \/>\n&#8211; Hasta 10 pesta\u00f1as<br \/>\n&#8211; Galer\u00eda de im\u00e1genes<br \/>\n&#8211; Formulario de contacto<br \/>\n&#8211; Integraci\u00f3n a Whatsapp<br \/>\n&#8211; Certificado de seguridad SSL<br \/>\n&#8211; Enlace a tus redes sociales<br \/>\n&#8211; Adaptable a dispositivos moviles<br \/>\n&#8211; Correos Corporativos<br \/>\n&#8211; 100% Administrable<br \/>\n&#8211; Mapa de sitio<br \/>\n&#8211; Google Analytics<\/p>","protected":false},"excerpt":{"rendered":"<p>&#8220;Potencia tu presencia digital al m\u00e1ximo. Con nuestro paquete standar, tu web ser\u00e1 m\u00e1s que un sitio: ser\u00e1 la experiencia definitiva que tu audiencia amar\u00e1 y convertir\u00e1 en clientes fieles.&#8221;<\/p>","protected":false},"featured_media":92,"comment_status":"open","ping_status":"closed","template":"","meta":[],"product_cat":[32],"product_tag":[],"_links":{"self":[{"href":"https:\/\/digiltek.com\/en\/wp-json\/wp\/v2\/product\/1164"}],"collection":[{"href":"https:\/\/digiltek.com\/en\/wp-json\/wp\/v2\/product"}],"about":[{"href":"https:\/\/digiltek.com\/en\/wp-json\/wp\/v2\/types\/product"}],"replies":[{"embeddable":true,"href":"https:\/\/digiltek.com\/en\/wp-json\/wp\/v2\/comments?post=1164"}],"version-history":[{"count":2,"href":"https:\/\/digiltek.com\/en\/wp-json\/wp\/v2\/product\/1164\/revisions"}],"predecessor-version":[{"id":1558,"href":"https:\/\/digiltek.com\/en\/wp-json\/wp\/v2\/product\/1164\/revisions\/1558"}],"wp:featuredmedia":[{"embeddable":true,"href":"https:\/\/digiltek.com\/en\/wp-json\/wp\/v2\/media\/92"}],"wp:attachment":[{"href":"https:\/\/digiltek.com\/en\/wp-json\/wp\/v2\/media?parent=1164"}],"wp:term":[{"taxonomy":"product_cat","embeddable":true,"href":"https:\/\/digiltek.com\/en\/wp-json\/wp\/v2\/product_cat?post=1164"},{"taxonomy":"product_tag","embeddable":true,"href":"https:\/\/digiltek.com\/en\/wp-json\/wp\/v2\/product_tag?post=1164"}],"curies":[{"name":"wp","href":"https:\/\/api.w.org\/{rel}","templated":true}]}}