{"id":1375,"date":"2023-12-14T08:10:24","date_gmt":"2023-12-14T08:10:24","guid":{"rendered":"http:\/\/digiltek.com\/?page_id=1375"},"modified":"2024-02-08T16:39:15","modified_gmt":"2024-02-08T16:39:15","slug":"politica-de-compras","status":"publish","type":"page","link":"https:\/\/digiltek.com\/en\/politica-de-compras\/","title":{"rendered":"Pol\u00edtica de compras"},"content":{"rendered":"<div data-elementor-type=\"wp-page\" data-elementor-id=\"1375\" class=\"elementor elementor-1375\" data-elementor-post-type=\"page\">\n\t\t\t\t\t\t\t\t\t<section class=\"elementor-section elementor-top-section elementor-element elementor-element-58ba8cc elementor-section-boxed elementor-section-height-default elementor-section-height-default\" data-id=\"58ba8cc\" data-element_type=\"section\">\n\t\t\t\t\t\t<div class=\"elementor-container elementor-column-gap-default\">\n\t\t\t\t\t<div class=\"elementor-column elementor-col-100 elementor-top-column elementor-element elementor-element-8042bd3\" data-id=\"8042bd3\" data-element_type=\"column\">\n\t\t\t<div class=\"elementor-widget-wrap elementor-element-populated\">\n\t\t\t\t\t\t\t\t<div class=\"elementor-element elementor-element-d6d196c elementor-widget elementor-widget-text-editor\" data-id=\"d6d196c\" data-element_type=\"widget\" data-widget_type=\"text-editor.default\">\n\t\t\t\t<div class=\"elementor-widget-container\">\n\t\t\t<style>\/*! elementor - v3.14.0 - 26-06-2023 *\/\n.elementor-widget-text-editor.elementor-drop-cap-view-stacked .elementor-drop-cap{background-color:#69727d;color:#fff}.elementor-widget-text-editor.elementor-drop-cap-view-framed .elementor-drop-cap{color:#69727d;border:3px solid;background-color:transparent}.elementor-widget-text-editor:not(.elementor-drop-cap-view-default) .elementor-drop-cap{margin-top:8px}.elementor-widget-text-editor:not(.elementor-drop-cap-view-default) .elementor-drop-cap-letter{width:1em;height:1em}.elementor-widget-text-editor .elementor-drop-cap{float:left;text-align:center;line-height:1;font-size:50px}.elementor-widget-text-editor .elementor-drop-cap-letter{display:inline-block}<\/style>\t\t\t\t<p><!-- wp:heading --><\/p>\n<div>\n<p>a. Todos los servicios digitales ofrecidos por Digiltek est\u00e1n sujetos a los siguientes t\u00e9rminos y condiciones.<\/p>\n<h5>No se admiten devoluciones:<\/h5>\n<p>a. Una vez que se ha realizado la compra de cualquier servicio digital, no se aceptar\u00e1n devoluciones.<\/p>\n<h5>Cambios de Servicios:<\/h5>\n<p>a. Los clientes tienen la opci\u00f3n de cambiar el servicio adquirido por otro de igual valor dentro de un plazo de\u00a0 7 d\u00edas desde la fecha de compra original.<br \/>b. Los cambios de servicios est\u00e1n sujetos a disponibilidad y aprobaci\u00f3n por parte de Digiltek.<\/p>\n<h5>Reserva del Derecho a No Emitir Reembolsos:<\/h5>\n<p>a. Digiltek se reserva el derecho de no emitir reembolsos por servicios digitales adquiridos.<br \/>b. Excepciones a esta pol\u00edtica pueden aplicarse \u00fanicamente en casos excepcionales y a discreci\u00f3n de Digiltek.<\/p>\n<h5>Comunicaci\u00f3n y Contacto:<\/h5>\n<p>a. Para solicitar un cambio de servicio, el cliente debe comunicarse con nuestro equipo a trav\u00e9s del correo electr\u00f3nico ayuda@digiltek.com.<br \/>b. Cualquier solicitud de cambio estar\u00e1 sujeta a revisi\u00f3n y confirmaci\u00f3n por parte de Digiltek.<\/p>\n<h5>Modificaciones en las Pol\u00edticas:<\/h5>\n<p>a. Digiltek se reserva el derecho de modificar estas pol\u00edticas en cualquier momento sin previo aviso.<br \/>b. Los cambios en las pol\u00edticas se har\u00e1n efectivos una vez que se publiquen en nuestro sitio web <a href=\"https:\/\/digiltek.com\/en\/politica-de-compras\/\">www.digiltek.com<\/a><\/p>\n<\/div>\n<p><!-- \/wp:paragraph --><\/p>\t\t\t\t\t\t<\/div>\n\t\t\t\t<\/div>\n\t\t\t\t\t<\/div>\n\t\t<\/div>\n\t\t\t\t\t\t\t<\/div>\n\t\t<\/section>\n\t\t\t\t\t\t\t<\/div>","protected":false},"excerpt":{"rendered":"<p>a. Todos los servicios digitales ofrecidos por Digiltek est\u00e1n sujetos a los siguientes t\u00e9rminos y condiciones. No se admiten devoluciones: a. Una vez que se ha realizado la compra de cualquier servicio digital, no se aceptar\u00e1n devoluciones. Cambios de Servicios: a. Los clientes tienen la opci\u00f3n de cambiar el servicio adquirido por otro de igual [&hellip;]<\/p>","protected":false},"author":1,"featured_media":0,"parent":0,"menu_order":0,"comment_status":"closed","ping_status":"closed","template":"","meta":{"footnotes":""},"blocksy_meta":[],"_links":{"self":[{"href":"https:\/\/digiltek.com\/en\/wp-json\/wp\/v2\/pages\/1375"}],"collection":[{"href":"https:\/\/digiltek.com\/en\/wp-json\/wp\/v2\/pages"}],"about":[{"href":"https:\/\/digiltek.com\/en\/wp-json\/wp\/v2\/types\/page"}],"author":[{"embeddable":true,"href":"https:\/\/digiltek.com\/en\/wp-json\/wp\/v2\/users\/1"}],"replies":[{"embeddable":true,"href":"https:\/\/digiltek.com\/en\/wp-json\/wp\/v2\/comments?post=1375"}],"version-history":[{"count":15,"href":"https:\/\/digiltek.com\/en\/wp-json\/wp\/v2\/pages\/1375\/revisions"}],"predecessor-version":[{"id":1661,"href":"https:\/\/digiltek.com\/en\/wp-json\/wp\/v2\/pages\/1375\/revisions\/1661"}],"wp:attachment":[{"href":"https:\/\/digiltek.com\/en\/wp-json\/wp\/v2\/media?parent=1375"}],"curies":[{"name":"wp","href":"https:\/\/api.w.org\/{rel}","templated":true}]}}