{"id":1373,"date":"2023-12-14T08:01:08","date_gmt":"2023-12-14T08:01:08","guid":{"rendered":"http:\/\/digiltek.com\/?page_id=1373"},"modified":"2024-02-08T16:05:51","modified_gmt":"2024-02-08T16:05:51","slug":"terminos-y-condiciones","status":"publish","type":"page","link":"https:\/\/digiltek.com\/en\/terminos-y-condiciones\/","title":{"rendered":"T\u00e9rminos y condiciones"},"content":{"rendered":"<div data-elementor-type=\"wp-page\" data-elementor-id=\"1373\" class=\"elementor elementor-1373\" data-elementor-post-type=\"page\">\n\t\t\t\t\t\t\t\t\t<section class=\"elementor-section elementor-top-section elementor-element elementor-element-65b0e11 elementor-section-boxed elementor-section-height-default elementor-section-height-default\" data-id=\"65b0e11\" data-element_type=\"section\">\n\t\t\t\t\t\t<div class=\"elementor-container elementor-column-gap-default\">\n\t\t\t\t\t<div class=\"elementor-column elementor-col-100 elementor-top-column elementor-element elementor-element-b9ee67b\" data-id=\"b9ee67b\" data-element_type=\"column\">\n\t\t\t<div class=\"elementor-widget-wrap elementor-element-populated\">\n\t\t\t\t\t\t\t\t<div class=\"elementor-element elementor-element-a7642ac elementor-widget elementor-widget-text-editor\" data-id=\"a7642ac\" data-element_type=\"widget\" data-widget_type=\"text-editor.default\">\n\t\t\t\t<div class=\"elementor-widget-container\">\n\t\t\t<style>\/*! elementor - v3.14.0 - 26-06-2023 *\/\n.elementor-widget-text-editor.elementor-drop-cap-view-stacked .elementor-drop-cap{background-color:#69727d;color:#fff}.elementor-widget-text-editor.elementor-drop-cap-view-framed .elementor-drop-cap{color:#69727d;border:3px solid;background-color:transparent}.elementor-widget-text-editor:not(.elementor-drop-cap-view-default) .elementor-drop-cap{margin-top:8px}.elementor-widget-text-editor:not(.elementor-drop-cap-view-default) .elementor-drop-cap-letter{width:1em;height:1em}.elementor-widget-text-editor .elementor-drop-cap{float:left;text-align:center;line-height:1;font-size:50px}.elementor-widget-text-editor .elementor-drop-cap-letter{display:inline-block}<\/style>\t\t\t\t<p><!-- wp:heading --><\/p><div><div><h5>Informaci\u00f3n Relevante<\/h5><div>Es requisito necesario para la adquisici\u00f3n de los productos digitales que se ofrecen en este sitio, que lea y acepte los siguientes T\u00e9rminos y Condiciones que a continuaci\u00f3n se redactan. El uso de nuestros servicios, as\u00ed como la compra de nuestros productos digitales implicar\u00e1 que usted ha le\u00eddo y aceptado los T\u00e9rminos y Condiciones de Uso en el presente documento. Todos los productos que son ofrecidos por nuestro sitio web pudieran ser creadas, cobradas o presentadas por una p\u00e1gina web tercera y en tal caso estar\u00edan sujetas a sus propios T\u00e9rminos y Condiciones. En algunos casos, para adquirir un producto digital, ser\u00e1 necesario el registro por parte del usuario, con ingreso de datos personales fidedignos y definici\u00f3n de una contrase\u00f1a.<\/div><div>\u00a0<\/div><h5>Uso no autorizado<\/h5><div>Usted no puede colocar uno de nuestros productos, modificado o sin modificar, en un sitio web o ning\u00fan otro medio y ofrecerlos para la reventa de ning\u00fan tipo.<\/div><div>\u00a0<\/div><h5>Propiedad<\/h5><div>Usted no puede declarar propiedad intelectual o exclusiva a ninguno de nuestros productos digitales, modificado o sin modificar. Todos los productos son propiedad de los proveedores del contenido. En ninguna instancia esta compa\u00f1\u00eda ser\u00e1 responsable de ning\u00fan da\u00f1o incluyendo, pero no limitado a, da\u00f1os directos, indirectos, especiales, fortuitos o consecuentes u otras p\u00e9rdidas resultantes del uso o de la imposibilidad de utilizar nuestros productos digitales.<\/div><div>\u00a0<\/div><h5>Privacidad<\/h5><div>Digiltek garantiza que la informaci\u00f3n personal que usted env\u00eda cuenta con la seguridad necesaria. Los datos ingresados por usuario o en el caso de requerir una validaci\u00f3n de los pedidos no ser\u00e1n entregados a terceros, salvo que deba ser revelada en cumplimiento a una orden judicial o requerimientos legales.<br \/><br \/><\/div><div>La suscripci\u00f3n a boletines de correos electr\u00f3nicos publicitarios es voluntaria y podr\u00eda ser seleccionada al momento de crear su cuenta o completar un formulario.<br \/><br \/><\/div><div>Digiltek reserva los derechos de cambiar o de modificar estos t\u00e9rminos sin previo aviso.<\/div><\/div><\/div><p><!-- \/wp:paragraph --><\/p>\t\t\t\t\t\t<\/div>\n\t\t\t\t<\/div>\n\t\t\t\t\t<\/div>\n\t\t<\/div>\n\t\t\t\t\t\t\t<\/div>\n\t\t<\/section>\n\t\t\t\t\t\t\t<\/div>","protected":false},"excerpt":{"rendered":"<p>Informaci\u00f3n Relevante Es requisito necesario para la adquisici\u00f3n de los productos digitales que se ofrecen en este sitio, que lea y acepte los siguientes T\u00e9rminos y Condiciones que a continuaci\u00f3n se redactan. El uso de nuestros servicios, as\u00ed como la compra de nuestros productos digitales implicar\u00e1 que usted ha le\u00eddo y aceptado los T\u00e9rminos y [&hellip;]<\/p>","protected":false},"author":1,"featured_media":0,"parent":0,"menu_order":0,"comment_status":"closed","ping_status":"closed","template":"","meta":{"footnotes":""},"blocksy_meta":[],"_links":{"self":[{"href":"https:\/\/digiltek.com\/en\/wp-json\/wp\/v2\/pages\/1373"}],"collection":[{"href":"https:\/\/digiltek.com\/en\/wp-json\/wp\/v2\/pages"}],"about":[{"href":"https:\/\/digiltek.com\/en\/wp-json\/wp\/v2\/types\/page"}],"author":[{"embeddable":true,"href":"https:\/\/digiltek.com\/en\/wp-json\/wp\/v2\/users\/1"}],"replies":[{"embeddable":true,"href":"https:\/\/digiltek.com\/en\/wp-json\/wp\/v2\/comments?post=1373"}],"version-history":[{"count":12,"href":"https:\/\/digiltek.com\/en\/wp-json\/wp\/v2\/pages\/1373\/revisions"}],"predecessor-version":[{"id":1658,"href":"https:\/\/digiltek.com\/en\/wp-json\/wp\/v2\/pages\/1373\/revisions\/1658"}],"wp:attachment":[{"href":"https:\/\/digiltek.com\/en\/wp-json\/wp\/v2\/media?parent=1373"}],"curies":[{"name":"wp","href":"https:\/\/api.w.org\/{rel}","templated":true}]}}